{"id":400,"date":"2023-11-26T19:32:06","date_gmt":"2023-11-26T18:32:06","guid":{"rendered":"https:\/\/coachsportifserge.fr\/?page_id=400"},"modified":"2024-01-01T21:03:42","modified_gmt":"2024-01-01T20:03:42","slug":"approche-holistique-pour-une-sante-optimale","status":"publish","type":"page","link":"https:\/\/coachsportifserge.fr\/?page_id=400","title":{"rendered":"Approche holistique pour une sant\u00e9 optimale"},"content":{"rendered":"\n<p>L&#8217;approche holistique est une approche compl\u00e8te de la sant\u00e9 int\u00e9grant tous les aspects de notre bien-\u00eatre,&nbsp; notre corps et notre esprit. Au lieu de se concentrer uniquement sur les sympt\u00f4mes physiques, l&#8217;approche holistique consid\u00e8re l&#8217;individu dans sa globalit\u00e9.<\/p>\n\n\n\n<p>Une approche holistique de la sant\u00e9 implique de prendre soin de son corps en adoptant une alimentation saine et \u00e9quilibr\u00e9e, en faisant de l&#8217;exercice r\u00e9guli\u00e8rement et en dormant suffisamment afin de pouvoir g\u00e9rer au mieux son stress.<\/p>\n\n\n\n<p>Elle reconna\u00eet \u00e9galement le pouvoir de l&#8217;esprit&nbsp; sur notre sant\u00e9. Cela peut inclure la pens\u00e9e positive et la recherche de sens&nbsp; dans notre existence.<\/p>\n\n\n\n<p>En adoptant une approche holistique de la sant\u00e9, nous pouvons am\u00e9liorer toute au long de l&#8217;ann\u00e9e notre bien-\u00eatre global et atteindre une sant\u00e9 optimale. En prenant soin de notre corps, et de notre esprit, nous pouvons trouver un \u00e9quilibre et une harmonie qui contribueront \u00e0 notre bonheur et \u00e0 notre \u00e9panouissement.<\/p>\n","protected":false},"excerpt":{"rendered":"<p>L&#8217;approche holistique est une approche compl\u00e8te de la sant\u00e9 int\u00e9grant tous les aspects de notre bien-\u00eatre,&nbsp; notre corps et notre esprit. Au lieu de se concentrer uniquement sur les sympt\u00f4mes<span class=\"more-button\"><a href=\"https:\/\/coachsportifserge.fr\/?page_id=400\" class=\"more-link\">Continuer la lecture<span class=\"screen-reader-text\">Approche holistique pour une sant\u00e9 optimale<\/span><\/a><\/span><\/p>\n","protected":false},"author":1,"featured_media":0,"parent":42,"menu_order":0,"comment_status":"closed","ping_status":"closed","template":"","meta":{"footnotes":""},"class_list":["post-400","page","type-page","status-publish","hentry"],"yoast_head":"<!-- This site is optimized with the Yoast SEO plugin v26.0 - https:\/\/yoast.com\/wordpress\/plugins\/seo\/ -->\n<title>Approche holistique pour une sant\u00e9 optimale | Objectif sant\u00e9 \u00e0 la Ciotat - Venez seul, en couple ou accompagn\u00e9<\/title>\n<meta name=\"description\" content=\"Objectif sant\u00e9 coach sportif la ciotat remise en forme approche holistique\" \/>\n<meta name=\"robots\" content=\"index, follow, max-snippet:-1, max-image-preview:large, max-video-preview:-1\" \/>\n<link rel=\"canonical\" href=\"https:\/\/coachsportifserge.fr\/?page_id=400\" \/>\n<meta property=\"og:locale\" content=\"en_US\" \/>\n<meta property=\"og:type\" content=\"article\" \/>\n<meta property=\"og:title\" content=\"Approche holistique pour une sant\u00e9 optimale | Objectif sant\u00e9 \u00e0 la Ciotat - Venez seul, en couple ou accompagn\u00e9\" \/>\n<meta property=\"og:description\" content=\"Objectif sant\u00e9 coach sportif la ciotat remise en forme approche holistique\" \/>\n<meta property=\"og:url\" content=\"https:\/\/coachsportifserge.fr\/?page_id=400\" \/>\n<meta property=\"og:site_name\" content=\"Objectif sant\u00e9 \u00e0 la Ciotat - Venez seul, en couple ou accompagn\u00e9\" \/>\n<meta property=\"article:modified_time\" content=\"2024-01-01T20:03:42+00:00\" \/>\n<meta property=\"og:image\" content=\"https:\/\/coachsportifserge.fr\/wp-content\/uploads\/2023\/11\/LogoSG2.png\" \/>\n\t<meta property=\"og:image:width\" content=\"188\" \/>\n\t<meta property=\"og:image:height\" content=\"118\" \/>\n\t<meta property=\"og:image:type\" content=\"image\/png\" \/>\n<meta name=\"twitter:card\" content=\"summary_large_image\" \/>\n<meta name=\"twitter:label1\" content=\"Est. reading time\" \/>\n\t<meta name=\"twitter:data1\" content=\"1 minute\" \/>\n<script type=\"application\/ld+json\" class=\"yoast-schema-graph\">{\"@context\":\"https:\/\/schema.org\",\"@graph\":[{\"@type\":\"WebPage\",\"@id\":\"https:\/\/coachsportifserge.fr\/?page_id=400\",\"url\":\"https:\/\/coachsportifserge.fr\/?page_id=400\",\"name\":\"Approche holistique pour une sant\u00e9 optimale | Objectif sant\u00e9 \u00e0 la Ciotat - Venez seul, en couple ou accompagn\u00e9\",\"isPartOf\":{\"@id\":\"https:\/\/coachsportifserge.fr\/#website\"},\"datePublished\":\"2023-11-26T18:32:06+00:00\",\"dateModified\":\"2024-01-01T20:03:42+00:00\",\"description\":\"Objectif sant\u00e9 coach sportif la ciotat remise en forme approche holistique\",\"breadcrumb\":{\"@id\":\"https:\/\/coachsportifserge.fr\/?page_id=400#breadcrumb\"},\"inLanguage\":\"en-US\",\"potentialAction\":[{\"@type\":\"ReadAction\",\"target\":[\"https:\/\/coachsportifserge.fr\/?page_id=400\"]}]},{\"@type\":\"BreadcrumbList\",\"@id\":\"https:\/\/coachsportifserge.fr\/?page_id=400#breadcrumb\",\"itemListElement\":[{\"@type\":\"ListItem\",\"position\":1,\"name\":\"Accueil\",\"item\":\"https:\/\/coachsportifserge.fr\/\"},{\"@type\":\"ListItem\",\"position\":2,\"name\":\"Pourquoi choisir un Coach Personnel \u00e0 la Ciotat\",\"item\":\"https:\/\/coachsportifserge.fr\/\"},{\"@type\":\"ListItem\",\"position\":3,\"name\":\"Approche holistique pour une sant\u00e9 optimale\"}]},{\"@type\":\"WebSite\",\"@id\":\"https:\/\/coachsportifserge.fr\/#website\",\"url\":\"https:\/\/coachsportifserge.fr\/\",\"name\":\"Objectif sant\u00e9 \u00e0 la Ciotat - Venez seul, en couple ou accompagn\u00e9\",\"description\":\"Votre coach personnel en salle ou \u00e0 domicile\",\"publisher\":{\"@id\":\"https:\/\/coachsportifserge.fr\/#\/schema\/person\/436c003ad3fa9f2d63558ac31e2e9d8d\"},\"alternateName\":\"Coach sportif la Ciotat\",\"potentialAction\":[{\"@type\":\"SearchAction\",\"target\":{\"@type\":\"EntryPoint\",\"urlTemplate\":\"https:\/\/coachsportifserge.fr\/?s={search_term_string}\"},\"query-input\":{\"@type\":\"PropertyValueSpecification\",\"valueRequired\":true,\"valueName\":\"search_term_string\"}}],\"inLanguage\":\"en-US\"},{\"@type\":[\"Person\",\"Organization\"],\"@id\":\"https:\/\/coachsportifserge.fr\/#\/schema\/person\/436c003ad3fa9f2d63558ac31e2e9d8d\",\"name\":\"coachsportifserge.fr\",\"image\":{\"@type\":\"ImageObject\",\"inLanguage\":\"en-US\",\"@id\":\"https:\/\/coachsportifserge.fr\/#\/schema\/person\/image\/\",\"url\":\"https:\/\/coachsportifserge.fr\/wp-content\/uploads\/2023\/11\/LogoSG2.png\",\"contentUrl\":\"https:\/\/coachsportifserge.fr\/wp-content\/uploads\/2023\/11\/LogoSG2.png\",\"width\":188,\"height\":118,\"caption\":\"coachsportifserge.fr\"},\"logo\":{\"@id\":\"https:\/\/coachsportifserge.fr\/#\/schema\/person\/image\/\"},\"sameAs\":[\"https:\/\/coachsportifserge.fr\"]}]}<\/script>\n<!-- \/ Yoast SEO plugin. -->","yoast_head_json":{"title":"Approche holistique pour une sant\u00e9 optimale | Objectif sant\u00e9 \u00e0 la Ciotat - Venez seul, en couple ou accompagn\u00e9","description":"Objectif sant\u00e9 coach sportif la ciotat remise en forme approche holistique","robots":{"index":"index","follow":"follow","max-snippet":"max-snippet:-1","max-image-preview":"max-image-preview:large","max-video-preview":"max-video-preview:-1"},"canonical":"https:\/\/coachsportifserge.fr\/?page_id=400","og_locale":"en_US","og_type":"article","og_title":"Approche holistique pour une sant\u00e9 optimale | Objectif sant\u00e9 \u00e0 la Ciotat - Venez seul, en couple ou accompagn\u00e9","og_description":"Objectif sant\u00e9 coach sportif la ciotat remise en forme approche holistique","og_url":"https:\/\/coachsportifserge.fr\/?page_id=400","og_site_name":"Objectif sant\u00e9 \u00e0 la Ciotat - Venez seul, en couple ou accompagn\u00e9","article_modified_time":"2024-01-01T20:03:42+00:00","og_image":[{"width":188,"height":118,"url":"https:\/\/coachsportifserge.fr\/wp-content\/uploads\/2023\/11\/LogoSG2.png","type":"image\/png"}],"twitter_card":"summary_large_image","twitter_misc":{"Est. reading time":"1 minute"},"schema":{"@context":"https:\/\/schema.org","@graph":[{"@type":"WebPage","@id":"https:\/\/coachsportifserge.fr\/?page_id=400","url":"https:\/\/coachsportifserge.fr\/?page_id=400","name":"Approche holistique pour une sant\u00e9 optimale | Objectif sant\u00e9 \u00e0 la Ciotat - Venez seul, en couple ou accompagn\u00e9","isPartOf":{"@id":"https:\/\/coachsportifserge.fr\/#website"},"datePublished":"2023-11-26T18:32:06+00:00","dateModified":"2024-01-01T20:03:42+00:00","description":"Objectif sant\u00e9 coach sportif la ciotat remise en forme approche holistique","breadcrumb":{"@id":"https:\/\/coachsportifserge.fr\/?page_id=400#breadcrumb"},"inLanguage":"en-US","potentialAction":[{"@type":"ReadAction","target":["https:\/\/coachsportifserge.fr\/?page_id=400"]}]},{"@type":"BreadcrumbList","@id":"https:\/\/coachsportifserge.fr\/?page_id=400#breadcrumb","itemListElement":[{"@type":"ListItem","position":1,"name":"Accueil","item":"https:\/\/coachsportifserge.fr\/"},{"@type":"ListItem","position":2,"name":"Pourquoi choisir un Coach Personnel \u00e0 la Ciotat","item":"https:\/\/coachsportifserge.fr\/"},{"@type":"ListItem","position":3,"name":"Approche holistique pour une sant\u00e9 optimale"}]},{"@type":"WebSite","@id":"https:\/\/coachsportifserge.fr\/#website","url":"https:\/\/coachsportifserge.fr\/","name":"Objectif sant\u00e9 \u00e0 la Ciotat - Venez seul, en couple ou accompagn\u00e9","description":"Votre coach personnel en salle ou \u00e0 domicile","publisher":{"@id":"https:\/\/coachsportifserge.fr\/#\/schema\/person\/436c003ad3fa9f2d63558ac31e2e9d8d"},"alternateName":"Coach sportif la Ciotat","potentialAction":[{"@type":"SearchAction","target":{"@type":"EntryPoint","urlTemplate":"https:\/\/coachsportifserge.fr\/?s={search_term_string}"},"query-input":{"@type":"PropertyValueSpecification","valueRequired":true,"valueName":"search_term_string"}}],"inLanguage":"en-US"},{"@type":["Person","Organization"],"@id":"https:\/\/coachsportifserge.fr\/#\/schema\/person\/436c003ad3fa9f2d63558ac31e2e9d8d","name":"coachsportifserge.fr","image":{"@type":"ImageObject","inLanguage":"en-US","@id":"https:\/\/coachsportifserge.fr\/#\/schema\/person\/image\/","url":"https:\/\/coachsportifserge.fr\/wp-content\/uploads\/2023\/11\/LogoSG2.png","contentUrl":"https:\/\/coachsportifserge.fr\/wp-content\/uploads\/2023\/11\/LogoSG2.png","width":188,"height":118,"caption":"coachsportifserge.fr"},"logo":{"@id":"https:\/\/coachsportifserge.fr\/#\/schema\/person\/image\/"},"sameAs":["https:\/\/coachsportifserge.fr"]}]}},"_links":{"self":[{"href":"https:\/\/coachsportifserge.fr\/index.php?rest_route=\/wp\/v2\/pages\/400","targetHints":{"allow":["GET"]}}],"collection":[{"href":"https:\/\/coachsportifserge.fr\/index.php?rest_route=\/wp\/v2\/pages"}],"about":[{"href":"https:\/\/coachsportifserge.fr\/index.php?rest_route=\/wp\/v2\/types\/page"}],"author":[{"embeddable":true,"href":"https:\/\/coachsportifserge.fr\/index.php?rest_route=\/wp\/v2\/users\/1"}],"replies":[{"embeddable":true,"href":"https:\/\/coachsportifserge.fr\/index.php?rest_route=%2Fwp%2Fv2%2Fcomments&post=400"}],"version-history":[{"count":3,"href":"https:\/\/coachsportifserge.fr\/index.php?rest_route=\/wp\/v2\/pages\/400\/revisions"}],"predecessor-version":[{"id":420,"href":"https:\/\/coachsportifserge.fr\/index.php?rest_route=\/wp\/v2\/pages\/400\/revisions\/420"}],"up":[{"embeddable":true,"href":"https:\/\/coachsportifserge.fr\/index.php?rest_route=\/wp\/v2\/pages\/42"}],"wp:attachment":[{"href":"https:\/\/coachsportifserge.fr\/index.php?rest_route=%2Fwp%2Fv2%2Fmedia&parent=400"}],"curies":[{"name":"wp","href":"https:\/\/api.w.org\/{rel}","templated":true}]}}